{"id":54,"date":"2006-05-18T21:59:28","date_gmt":"2006-05-19T01:59:28","guid":{"rendered":"http:\/\/www.onurbaser.info\/gunluk\/hakkimda\/"},"modified":"2024-10-04T12:45:31","modified_gmt":"2024-10-04T09:45:31","slug":"hakkimda","status":"publish","type":"page","link":"https:\/\/www.onurbaser.info\/gunluk\/hakkimda\/","title":{"rendered":"Hakk\u0131mda"},"content":{"rendered":"<div style=\"width: 381px\" class=\"wp-caption alignnone\"><img data-recalc-dims=\"1\" loading=\"lazy\" decoding=\"async\" id=\"image55\" src=\"https:\/\/i0.wp.com\/www.onurbaser.info\/gunluk\/wp-content\/uploads\/2006\/05\/yandan.JPG?resize=371%2C288\" alt=\"Bilkent Yurdundan yandan profil 1998\" width=\"371\" height=\"288\" \/><p class=\"wp-caption-text\">Bilkent Yurdundan yandan profil 1998<\/p><\/div>\n<p align=\"left\">Merhaba,<\/p>\n<p align=\"left\">Ad\u0131m Onur Ba\u015fer.<\/p>\n<p align=\"left\">Bilkent \u00dcniversitesi, \u0130\u015fletme Fak\u00fcltesi, i\u015fletme b\u00f6l\u00fcm\u00fcn\u00fc mezunuyum (1999)<\/p>\n<p><a href=\"https:\/\/stars.bilkent.edu.tr\/public\/honor\/?donem=19982#MAN\" target=\"_blank\" rel=\"noopener\">https:\/\/stars.bilkent.edu.tr\/public\/honor\/?donem=19982#MAN<\/a> <strong>High Honor<\/strong> ;-))))<\/p>\n<p>Bilgisayar kullanmay\u0131, m\u00fczik dinlemeyi ve gezmeyi \u00e7ok severim.<\/p>\n<p align=\"left\"><strong>Suffolk Universitesi (BOSTON) I\u015fletme Master\u0131n\u0131 bitirdim. (MBA\/Entrepreneurship)<\/strong><\/p>\n<p align=\"left\">Aksaray \u00dcniversitesi Makine M\u00fchendisli\u011fi ile \u015fimdilik akademik hayat\u0131m\u0131 kapatt\u0131m \ud83d\ude09<\/p>\n<p align=\"left\">Umar\u0131m sayfamdan memnun kalm\u0131\u015fs\u0131n\u0131zd\u0131r.<\/p>\n<p align=\"left\">Onur Ba\u015fer logosunu 1995 y\u0131l\u0131nda yapm\u0131\u015ft\u0131m.<\/p>\n<p align=\"left\">\u0130lk \u00f6rne\u011fini internet sitemden g\u00f6rebilirsiniz. Y\u0131l 1997!<\/p>\n<p><a href=\"http:\/\/web.archive.org\/web\/19970724051256\/http:\/\/www.ug.bcc.bilkent.edu.tr\/~baser\/\">http:\/\/web.archive.org\/web\/19970724051256\/http:\/\/www.ug.bcc.bilkent.edu.tr\/~baser\/<\/a><\/p>\n<p align=\"left\"><img data-recalc-dims=\"1\" decoding=\"async\" id=\"image56\" src=\"https:\/\/i0.wp.com\/www.onurbaser.info\/gunluk\/wp-content\/uploads\/2006\/05\/bilkent.gif?w=625\" alt=\"bilkent.gif\" \/> <img data-recalc-dims=\"1\" decoding=\"async\" id=\"image57\" src=\"https:\/\/i0.wp.com\/www.onurbaser.info\/gunluk\/wp-content\/uploads\/2006\/05\/suffolk.kucukresim.gif?w=625\" alt=\"suffolk.gif\" \/>\u00c2\u00a0<img data-recalc-dims=\"1\" loading=\"lazy\" decoding=\"async\" data-attachment-id=\"794\" data-permalink=\"https:\/\/www.onurbaser.info\/gunluk\/hakkimda\/attachment\/aksaray_logo\/\" data-orig-file=\"https:\/\/i0.wp.com\/www.onurbaser.info\/gunluk\/wp-content\/uploads\/2006\/05\/aksaray_logo.png?fit=152%2C152&amp;ssl=1\" data-orig-size=\"152,152\" data-comments-opened=\"1\" data-image-meta=\"{&quot;aperture&quot;:&quot;0&quot;,&quot;credit&quot;:&quot;&quot;,&quot;camera&quot;:&quot;&quot;,&quot;caption&quot;:&quot;&quot;,&quot;created_timestamp&quot;:&quot;0&quot;,&quot;copyright&quot;:&quot;&quot;,&quot;focal_length&quot;:&quot;0&quot;,&quot;iso&quot;:&quot;0&quot;,&quot;shutter_speed&quot;:&quot;0&quot;,&quot;title&quot;:&quot;&quot;,&quot;orientation&quot;:&quot;0&quot;}\" data-image-title=\"aksaray_logo\" data-image-description=\"\" data-image-caption=\"\" data-large-file=\"https:\/\/i0.wp.com\/www.onurbaser.info\/gunluk\/wp-content\/uploads\/2006\/05\/aksaray_logo.png?fit=152%2C152&amp;ssl=1\" class=\"alignnone wp-image-794\" src=\"https:\/\/i0.wp.com\/www.onurbaser.info\/gunluk\/wp-content\/uploads\/2006\/05\/aksaray_logo.png?resize=96%2C96&#038;ssl=1\" width=\"96\" height=\"96\" srcset=\"https:\/\/i0.wp.com\/www.onurbaser.info\/gunluk\/wp-content\/uploads\/2006\/05\/aksaray_logo.png?w=152&amp;ssl=1 152w, https:\/\/i0.wp.com\/www.onurbaser.info\/gunluk\/wp-content\/uploads\/2006\/05\/aksaray_logo.png?resize=150%2C150&amp;ssl=1 150w\" sizes=\"auto, (max-width: 96px) 100vw, 96px\" \/><\/p>\n<p><a href=\"http:\/\/www.onurbaser.info\/resume\/index.htm\" target=\"_new\" rel=\"noopener\">\u00d6z Ge\u00e7mis &#8211; CV<\/a><br \/><a href=\"http:\/\/www.onurbaser.info\/bilgi\/yuk\/index.php?dil=t\">Yeni Ufuklar Kul\u00fcb\u00fc<\/a><\/p>\n<p>Daha \u00f6nceki web adreslerim<br \/>http:\/\/ug.bcc.bilkent.edu.tr\/~baser -&gt; 1995-2000<br \/><a href=\"http:\/\/members.tripod.com\/%7Eonurbaser\/\">http:\/\/members.tripod.com\/~onurbaser\/<\/a> -&gt; 1995 &#8211; &#8230;<br \/><a href=\"http:\/\/www.baserler.com\/onur\">http:\/\/www.baserler.com\/onur<\/a> -&gt; 1998 &#8211; &#8230;<br \/><a href=\"http:\/\/onur.baser.biz\/\">http:\/\/onur.baser.biz<\/a> -&gt; 2002 &#8211; &#8230;<br \/><a href=\"http:\/\/onurbaser.info\/\">http:\/\/onurbaser.info<\/a> -&gt; 2004 &#8211; &#8230;<\/p>\n<p><a href=\"http:\/\/web.archive.org\/web\/19970724051256\/www.ug.bcc.bilkent.edu.tr\/~baser\/\" target=\"_blank\" rel=\"noopener\">1997&#8217;deki sayfama gezinti i\u00e7in buraya t\u0131klay\u0131n <\/a><\/p>\n\n\n<p>[<strong>YUKARIDAK\u0130 B\u0130LG\u0130LER\u0130 AR\u015e\u0130VSEL TUTUYORUM. EN G\u00dcNCEL B\u0130LG\u0130LER \u0130\u00c7\u0130N YIL 2024 OLMU\u015e ARTIK SOSYAL MEDYA xD<\/strong>]<\/p>\n\n\n\n<p><a href=\"https:\/\/www.twitch.tv\/onnuk\">https:\/\/www.twitch.tv\/onnuk<\/a><\/p>\n\n\n\n<p><a href=\"https:\/\/kick.com\/onnuk\">https:\/\/kick.com\/onnuk<\/a><\/p>\n\n\n\n<p><a href=\"https:\/\/www.youtube.com\/@onurbaser\">https:\/\/www.youtube.com\/@onurbaser<\/a><\/p>\n\n\n\n<p><a href=\"https:\/\/www.reddit.com\/user\/onnUK\">https:\/\/www.reddit.com\/user\/onnUK<\/a><\/p>\n\n\n\n<figure class=\"wp-block-embed is-type-rich is-provider-tiktok wp-block-embed-tiktok\"><div class=\"wp-block-embed__wrapper\">\n<blockquote class=\"tiktok-embed\" cite=\"https:\/\/www.tiktok.com\/@onnuka\" data-unique-id=\"onnuka\" data-embed-from=\"oembed\" data-embed-type=\"creator\" style=\"max-width:780px; min-width:288px;\"> <section> <a target=\"_blank\" href=\"https:\/\/www.tiktok.com\/@onnuka?refer=creator_embed\">@onnuka<\/a> <\/section> <\/blockquote> <script async src=\"https:\/\/www.tiktok.com\/embed.js\"><\/script>\n<\/div><\/figure>\n\n\n\n<figure class=\"wp-block-embed is-type-rich is-provider-twitter wp-block-embed-twitter\"><div class=\"wp-block-embed__wrapper\">\n<a class=\"twitter-timeline\" data-width=\"625\" data-height=\"938\" data-dnt=\"true\" href=\"https:\/\/twitter.com\/baseronur?ref_src=twsrc%5Etfw\">Tweets by baseronur<\/a><script async src=\"https:\/\/platform.twitter.com\/widgets.js\" charset=\"utf-8\"><\/script>\n<\/div><\/figure>\n","protected":false},"excerpt":{"rendered":"<p>Merhaba, Ad\u0131m Onur Ba\u015fer. Bilkent \u00dcniversitesi, \u0130\u015fletme Fak\u00fcltesi, i\u015fletme b\u00f6l\u00fcm\u00fcn\u00fc mezunuyum (1999) https:\/\/stars.bilkent.edu.tr\/public\/honor\/?donem=19982#MAN High Honor ;-)))) Bilgisayar kullanmay\u0131, m\u00fczik dinlemeyi ve gezmeyi \u00e7ok severim. Suffolk Universitesi (BOSTON) I\u015fletme Master\u0131n\u0131 bitirdim. (MBA\/Entrepreneurship) Aksaray \u00dcniversitesi Makine M\u00fchendisli\u011fi ile \u015fimdilik akademik hayat\u0131m\u0131 kapatt\u0131m \ud83d\ude09 Umar\u0131m sayfamdan memnun kalm\u0131\u015fs\u0131n\u0131zd\u0131r. Onur Ba\u015fer logosunu 1995 y\u0131l\u0131nda yapm\u0131\u015ft\u0131m. \u0130lk \u00f6rne\u011fini internet sitemden [&hellip;]<\/p>\n","protected":false},"author":1,"featured_media":0,"parent":0,"menu_order":0,"comment_status":"open","ping_status":"open","template":"","meta":{"jetpack_post_was_ever_published":false,"footnotes":""},"class_list":["post-54","page","type-page","status-publish","hentry"],"jetpack_sharing_enabled":true,"jetpack_shortlink":"https:\/\/wp.me\/P9nmfM-S","jetpack_likes_enabled":true,"jetpack-related-posts":[],"_links":{"self":[{"href":"https:\/\/www.onurbaser.info\/gunluk\/wp-json\/wp\/v2\/pages\/54","targetHints":{"allow":["GET"]}}],"collection":[{"href":"https:\/\/www.onurbaser.info\/gunluk\/wp-json\/wp\/v2\/pages"}],"about":[{"href":"https:\/\/www.onurbaser.info\/gunluk\/wp-json\/wp\/v2\/types\/page"}],"author":[{"embeddable":true,"href":"https:\/\/www.onurbaser.info\/gunluk\/wp-json\/wp\/v2\/users\/1"}],"replies":[{"embeddable":true,"href":"https:\/\/www.onurbaser.info\/gunluk\/wp-json\/wp\/v2\/comments?post=54"}],"version-history":[{"count":10,"href":"https:\/\/www.onurbaser.info\/gunluk\/wp-json\/wp\/v2\/pages\/54\/revisions"}],"predecessor-version":[{"id":1129,"href":"https:\/\/www.onurbaser.info\/gunluk\/wp-json\/wp\/v2\/pages\/54\/revisions\/1129"}],"wp:attachment":[{"href":"https:\/\/www.onurbaser.info\/gunluk\/wp-json\/wp\/v2\/media?parent=54"}],"curies":[{"name":"wp","href":"https:\/\/api.w.org\/{rel}","templated":true}]}}