{"id":61,"date":"2006-05-23T14:18:57","date_gmt":"2006-05-23T18:18:57","guid":{"rendered":"http:\/\/www.onurbaser.info\/gunluk\/resume-ozgecmis-cv\/"},"modified":"2017-03-01T09:27:36","modified_gmt":"2017-03-01T06:27:36","slug":"resume-ozgecmis-cv","status":"publish","type":"page","link":"https:\/\/www.onurbaser.info\/gunluk\/resume-ozgecmis-cv\/","title":{"rendered":"Resume &#8211; \u00d6zge\u00e7mi\u015f (CV)"},"content":{"rendered":"<table border=\"0\" cellspacing=\"0\" cellpadding=\"0\">\n<tbody>\n<tr>\n<td style=\"width: 3px; text-align: center;\" valign=\"top\" bgcolor=\"#d9e6ff\"><span class=\"SectionTitle\"><span style=\"font-size: large;\"><strong><span style=\"font-family: Verdana, Arial, Helvetica, sans-serif;\"><br \/>\n<\/span><\/strong><\/span><\/span><\/td>\n<td style=\"width: 491px;\">\n<p class=\"CompanyName\" style=\"text-align: center;\" align=\"justify\"><span class=\"SectionTitle\"><span style=\"font-size: large;\"><strong><span style=\"font-family: Verdana, Arial, Helvetica, sans-serif;\">Education<\/span><\/strong><\/span><\/span><\/p>\n<p class=\"CompanyName\" align=\"justify\"><span style=\"font-family: Verdana, Arial, Helvetica, sans-serif; font-size: medium;\"><u>09\/2011 &#8211; 02\/2016 Aksaray University, Aksaray, Turkey<\/u><\/span><\/p>\n<p class=\"JobTitle\" align=\"justify\"><span style=\"font-family: Verdana, Arial, Helvetica, sans-serif; font-size: medium;\"><strong><em>Mechanical Engineer<\/em><\/strong><\/span><\/p>\n<ul>\n<li><span class=\"JobTitle\" style=\"font-family: Verdana, Arial, Helvetica, sans-serif; font-size: medium;\">CGPA 3.04<\/span><\/li>\n<\/ul>\n<p class=\"CompanyName\" align=\"justify\"><span style=\"font-family: Verdana, Arial, Helvetica, sans-serif; font-size: medium;\"><u>09\/2000 \u00e2\u20ac\u201c 05\/2002 Suffolk University Boston, MA<\/u><\/span><\/p>\n<p class=\"JobTitle\" align=\"justify\"><span style=\"font-family: Verdana, Arial, Helvetica, sans-serif; font-size: medium;\"><strong><em>MBA\/Entrepreneurship<\/em><\/strong><\/span><\/p>\n<ul>\n<li><span class=\"JobTitle\" style=\"font-family: Verdana, Arial, Helvetica, sans-serif; font-size: medium;\"> Fellowship awarded. CGPA 3.5<\/span><\/li>\n<li><span style=\"font-family: Verdana, Arial, Helvetica, sans-serif; font-size: medium;\">Visiting student at Babson College \u00e2\u20ac\u201c Fall 2001 <\/span><\/li>\n<\/ul>\n<p class=\"CompanyName\" align=\"justify\"><span style=\"font-family: Verdana, Arial, Helvetica, sans-serif; font-size: medium;\"><u>09\/1994 \u00e2\u20ac\u201c 05\/1999 Bilkent University Ankara, Turkey<\/u><\/span><\/p>\n<p><em><span style=\"font-family: Verdana, Arial, Helvetica, sans-serif; font-size: medium;\"><strong><em><span style=\"font-family: Arial;\">Bachelor of Science in Management<\/span><\/em><\/strong><\/span><\/em><\/p>\n<ul>\n<li><em><span class=\"JobTitle\" style=\"font-family: Verdana, Arial, Helvetica, sans-serif; font-size: medium;\">Elective concentration: Marketing and Finance. CGPA 3.03\/4.00 (Honor List)<\/span><\/em><\/li>\n<\/ul>\n<\/td>\n<\/tr>\n<tr>\n<td valign=\"top\" bgcolor=\"#d9e6ff\"><span class=\"SectionTitle\"><span style=\"font-size: large;\"><strong><span style=\"font-family: Verdana, Arial, Helvetica, sans-serif;\"><br \/>\n<\/span><\/strong><\/span><\/span><\/td>\n<td>\n<p class=\"CompanyName\" style=\"text-align: center;\" align=\"justify\"><span class=\"SectionTitle\"><span style=\"font-size: large;\"><strong><span style=\"font-family: Verdana, Arial, Helvetica, sans-serif;\">Work Experience<\/span><\/strong><\/span><\/span><\/p>\n<p class=\"CompanyName\" align=\"justify\"><span style=\"font-family: Verdana, Arial, Helvetica, sans-serif; font-size: medium;\"><u>08\/2007 &#8211; &#8230; B\u0130T \u0130nternet Teknolojileri Yaz\u0131l\u0131m Bilgisayar San. ve Tic. Ltd. \u015eti.<\/u><\/span><\/p>\n<p class=\"CompanyName\" align=\"justify\">\u00c2\u00a0<span style=\"font-family: Verdana, Arial, Helvetica, sans-serif; font-size: medium;\"><strong><em>General Manager<\/em><\/strong><\/span><\/p>\n<p class=\"CompanyName\" align=\"justify\"><span style=\"font-family: Verdana, Arial, Helvetica, sans-serif; font-size: medium;\"><u> 08\/2006 &#8211; &#8230; BA\u015eAY Makina \u0130malat San. ve Tic. Ltd. \u015eti.<\/u><\/span><\/p>\n<p class=\"CompanyName\" align=\"justify\"><span style=\"font-family: Verdana, Arial, Helvetica, sans-serif; font-size: medium;\"><strong><em>General Manager<br \/>\n<\/em><\/strong><\/span><\/p>\n<p class=\"CompanyName\" align=\"justify\"><span style=\"font-family: Verdana, Arial, Helvetica, sans-serif; font-size: medium;\"><u> 11\/2003 &#8211; 08\/2006 I &amp; E Tire Corp. Brooklyn, New York<\/u><\/span><\/p>\n<p class=\"CompanyName\" align=\"justify\"><span style=\"font-family: Verdana, Arial, Helvetica, sans-serif; font-size: medium;\"><strong><em>Business\/Financial Analyst<\/em><\/strong><\/span><\/p>\n<ul>\n<li><span style=\"font-family: Verdana, Arial, Helvetica, sans-serif; font-size: medium;\">Assisting to vice president<\/span><\/li>\n<li><span style=\"font-family: Verdana, Arial, Helvetica, sans-serif; font-size: medium;\">Responsible for federal government and Department of Defense (DoD) procurement management <\/span><\/li>\n<li><span style=\"font-family: Verdana, Arial, Helvetica, sans-serif; font-size: medium;\">Monitoring International trade transactions<\/span><\/li>\n<li><span style=\"font-family: Verdana, Arial, Helvetica, sans-serif; font-size: medium;\">Improving IT infrastructure<\/span><\/li>\n<li><span style=\"font-family: Verdana, Arial, Helvetica, sans-serif; font-size: medium;\">Perform month end closings; prepare financial statements and profitability analysis, generate standard management reports on a daily, weekly and\/or monthly basis, assist with research and analysis for special projects<\/span><\/li>\n<\/ul>\n<p class=\"CompanyName\" align=\"justify\"><span style=\"font-family: Verdana, Arial, Helvetica, sans-serif; font-size: medium;\"><u>10\/2002 \u00e2\u20ac\u201c 07\/2003 <a href=\"http:\/\/www.bestbuy.com\/\" target=\"_blank\">Best Buy Co.<\/a>, Boston, MA<\/u><\/span><\/p>\n<p class=\"JobTitle\" align=\"justify\"><span style=\"font-family: Verdana, Arial, Helvetica, sans-serif; font-size: medium;\"><strong>Senior in Computers<\/strong><\/span><\/p>\n<ul>\n<li><em><span style=\"font-family: Verdana, Arial, Helvetica, sans-serif; font-size: medium;\">Responsible for managing of 12 employees and assisting to supervisor in computer department.<\/span><\/em><\/li>\n<\/ul>\n<ul>\n<li><em><span style=\"font-family: Verdana, Arial, Helvetica, sans-serif; font-size: medium;\">Recommending customers the right solution for their technology needs.<\/span><\/em><\/li>\n<\/ul>\n<p class=\"Achievement\" style=\"margin-left: 0cm; text-align: left; text-indent: 0cm;\" align=\"justify\"><em><span style=\"font-family: Verdana, Arial, Helvetica, sans-serif; font-size: medium;\"><br \/>\n<u> 09\/2000 \u00e2\u20ac\u201c 05\/2002 <a href=\"http:\/\/www.suffolk.edu\/\" target=\"_blank\">Suffolk<\/a> <a href=\"http:\/\/www.suffolk.edu\/\">University<\/a> Boston, MA<\/u><\/span><\/em><\/p>\n<p class=\"JobTitle\" align=\"justify\"><em><span style=\"font-family: Verdana, Arial, Helvetica, sans-serif; font-size: medium;\"><strong>Graduate Assistant \/ Office of Technology Management<\/strong><\/span><\/em><\/p>\n<ul>\n<li><em><span style=\"font-family: Verdana, Arial, Helvetica, sans-serif; font-size: medium;\">Provided computer <em>support services<\/em> for students and faculty (over 100 computers).<\/span><\/em><\/li>\n<\/ul>\n<ul>\n<li><em><span style=\"font-family: Verdana, Arial, Helvetica, sans-serif; font-size: medium;\"> Increased the systems performance and decrease the problems in the computer labs. Offered <em>new solutions<\/em> for efficient computer usage and trained lab staff for computer troubleshooting. Installed and managed new hardware and software to the computers.<\/span><\/em><\/li>\n<\/ul>\n<ul>\n<li><em><span style=\"font-family: Verdana, Arial, Helvetica, sans-serif; font-size: medium;\"> Assisted to the <em>web page design<\/em> of the school of management.<\/span><\/em><\/li>\n<\/ul>\n<ul>\n<li><em><span style=\"font-family: Verdana, Arial, Helvetica, sans-serif; font-size: medium;\"> Offered an ongoing position.<\/span><\/em><\/li>\n<li><\/li>\n<\/ul>\n<p class=\"CompanyName\" align=\"justify\"><em><span style=\"font-family: Verdana, Arial, Helvetica, sans-serif; font-size: medium;\"><u>06\/1999 \u00e2\u20ac\u201c 07\/2000 <a href=\"http:\/\/www.baserler.com\/\" target=\"_blank\">BASERLER A.S.<\/a> Aksaray, Turkey<\/u><\/span><\/em><\/p>\n<p class=\"JobTitle\" align=\"justify\"><em><span style=\"font-family: Verdana, Arial, Helvetica, sans-serif; font-size: medium;\"><strong>General Manager<\/strong><\/span><\/em><\/p>\n<ul>\n<li><em><span class=\"Achievement\" style=\"text-align: left; font-family: Verdana, Arial, Helvetica, sans-serif; font-size: medium;\"> Managed the new branch of the company and seven employees.<\/span><\/em><\/li>\n<\/ul>\n<ul>\n<li><em><span style=\"font-family: Verdana, Arial, Helvetica, sans-serif; font-size: medium;\"> Introduced <em>database systems<\/em> and networking for efficiency in analysis of the sales.<\/span><\/em><\/li>\n<\/ul>\n<ul>\n<li><em><span style=\"font-family: Verdana, Arial, Helvetica, sans-serif; font-size: medium;\"> Hired and trained employees.<\/span><\/em><\/li>\n<\/ul>\n<ul>\n<li><em><span style=\"font-family: Verdana, Arial, Helvetica, sans-serif; font-size: medium;\"> Created <em>advertisement campaigns<\/em> and corporate web site (<a href=\"http:\/\/www.baserler.com\/\">http:\/\/www.baserler.com<\/a>)<\/span><\/em><\/li>\n<\/ul>\n<\/td>\n<\/tr>\n<tr>\n<td valign=\"top\" bgcolor=\"#dee7ff\"><span class=\"SectionTitle\"><span style=\"font-size: large;\"><strong><span style=\"font-family: Verdana, Arial, Helvetica, sans-serif;\"><br \/>\n<\/span><\/strong><\/span><\/span><\/td>\n<td>\n<p class=\"CompanyName\" style=\"text-align: center;\" align=\"justify\"><span class=\"SectionTitle\"><span style=\"font-size: large;\"><strong><span style=\"font-family: Verdana, Arial, Helvetica, sans-serif;\">Summer Jobs<\/span><\/strong><\/span><\/span><\/p>\n<p class=\"CompanyName\" align=\"justify\"><span style=\"font-family: Verdana, Arial, Helvetica, sans-serif; font-size: medium;\"><u><br \/>\n06\/2001 &#8211; 08\/2001 <a href=\"http:\/\/www.walgreens.com\/\" target=\"_blank\">Walgreens<\/a> Brookline, MA<\/u><\/span><\/p>\n<p class=\"JobTitle\" align=\"justify\"><span style=\"font-family: Verdana, Arial, Helvetica, sans-serif; font-size: medium;\"><strong>Management Training Internship<\/strong><\/span><\/p>\n<ul>\n<li><em><span class=\"Achievement\" style=\"text-align: left; font-family: Verdana, Arial, Helvetica, sans-serif; font-size: medium;\"> Acted as an <em>assistant manager<\/em>, managed the store, conducted projects and interacted with customers. Received <em>successful completion certificate<\/em>.<\/span><\/em><\/li>\n<\/ul>\n<ul>\n<li><em><span style=\"font-family: Verdana, Arial, Helvetica, sans-serif; font-size: medium;\"> Offered an ongoing managerial position.<\/span><\/em><\/li>\n<li><\/li>\n<\/ul>\n<p class=\"CompanyName\" align=\"justify\"><em><span style=\"font-family: Verdana, Arial, Helvetica, sans-serif; font-size: medium;\"><u>08\/1998 <a href=\"http:\/\/www.goodyear.com.tr\/\" target=\"_blank\">Goodyear<\/a> Istanbul, Turkey<\/u><\/span><\/em><\/p>\n<p class=\"JobTitle\" align=\"justify\"><em><span style=\"font-family: Verdana, Arial, Helvetica, sans-serif; font-size: medium;\"><strong>Summer Trainee<\/strong><\/span><\/em><\/p>\n<ul>\n<li><em><span class=\"Achievement\" style=\"font-family: Verdana, Arial, Helvetica, sans-serif; font-size: medium;\"> Financial analysis of dealers. Awarded certificate in Professional Sales Techniques.<\/span><\/em><\/li>\n<li><\/li>\n<\/ul>\n<p class=\"CompanyName\" align=\"justify\"><em><span style=\"font-family: Verdana, Arial, Helvetica, sans-serif; font-size: medium;\"><u>1994-1998 Summers <a href=\"http:\/\/www.baserler.com\/\" target=\"_blank\">BASERLER A.S.<\/a> Aksaray, Turkey<\/u><\/span><\/em><\/p>\n<ul>\n<li><em><span style=\"font-family: Verdana, Arial, Helvetica, sans-serif; font-size: medium;\"> Used statistical methods for planning. Responsible for <em>sales and marketing<\/em> and created customer and sales database.<\/span><\/em><\/li>\n<\/ul>\n<\/td>\n<\/tr>\n<tr>\n<td valign=\"top\" bgcolor=\"#dee7ff\"><span class=\"SectionTitle\"><span style=\"font-size: large;\"><strong><span style=\"font-family: Verdana, Arial, Helvetica, sans-serif;\"><br \/>\n<\/span><\/strong><\/span><\/span><\/td>\n<td>\n<p class=\"Objective\" style=\"text-align: center;\" align=\"justify\"><span class=\"SectionTitle\"><span style=\"font-size: large;\"><strong><span style=\"font-family: Verdana, Arial, Helvetica, sans-serif;\">Organizations<\/span><\/strong><\/span><\/span><\/p>\n<p class=\"Objective\" style=\"text-align: left;\" align=\"justify\"><span style=\"font-family: Verdana, Arial, Helvetica, sans-serif; font-size: medium;\"><u><br \/>\n09\/1995 \u00e2\u20ac\u201c 05\/1999 <a href=\"http:\/\/www.ug.bcc.bilkent.edu.tr\/%7Eyuk\" target=\"_blank\">New Horizons Student Club<\/a> Ankara, Turkey<\/u><\/span><\/p>\n<p class=\"Objective\" align=\"justify\"><span style=\"font-family: Verdana, Arial, Helvetica, sans-serif; font-size: medium;\"> Founding Member (95), Vice President (97), President (98)<\/span><\/p>\n<ul>\n<li><span style=\"font-family: Verdana, Arial, Helvetica, sans-serif; font-size: medium;\">Founded in 95 with 12 students, currently has <em>over 500 members<\/em>. Responsible for marketing, financing the activities and organizing the club structure. <\/span><\/li>\n<\/ul>\n<\/td>\n<\/tr>\n<tr>\n<td valign=\"top\" bgcolor=\"#dee7ff\"><span class=\"SectionTitle\"><span style=\"font-size: large;\"><strong><span style=\"font-family: Verdana, Arial, Helvetica, sans-serif;\"><br \/>\n<\/span><\/strong><\/span><\/span><\/td>\n<td>\n<p style=\"text-align: center;\"><span class=\"SectionTitle\"><span style=\"font-size: large;\"><strong><span style=\"font-family: Verdana, Arial, Helvetica, sans-serif;\">Other Information<\/span><\/strong><\/span><\/span><\/p>\n<ul>\n<li><span class=\"Achievement\" style=\"text-align: left; font-family: Verdana, Arial, Helvetica, sans-serif; font-size: medium;\">Created and upgraded the current sales database environment to web-based interface with ASP language and offered a platform and software free database entry solution for client computers.<\/span><\/li>\n<li><span style=\"font-family: Verdana, Arial, Helvetica, sans-serif; font-size: medium;\">Advanced computer skills and proficiency in Windows, Microsoft Office, Lotus SmartSuite, databases, HTML, ASP, FrontPage, web page design, Internet and Intranet applications and utilization of wireless networks.<\/span><\/li>\n<li><span style=\"font-family: Verdana, Arial, Helvetica, sans-serif; font-size: medium;\"> Fluent in English and Turkish.<\/span><\/li>\n<li><span style=\"font-family: Verdana, Arial, Helvetica, sans-serif; font-size: medium;\">Like to design advertising, interact with people, adapt to new situations, learn the latest technological developments and travel.<\/span><\/li>\n<li><span style=\"font-family: Verdana, Arial, Helvetica, sans-serif; font-size: medium;\"> Projects conducted: <a href=\"http:\/\/www.onurbaser.info\/projects\" target=\"_new\">http:\/\/www.onurbaser.info\/projects<\/a><\/span><\/li>\n<li><span style=\"font-family: Verdana, Arial, Helvetica, sans-serif; font-size: medium;\">PC \/ Server build, consulting and support<\/span><\/li>\n<li><span style=\"font-family: Verdana, Arial, Helvetica, sans-serif; font-size: medium;\">Linux and Windows Server 2003 (also Small Business Server 2003) deployment<\/span><\/li>\n<li><span style=\"font-family: Verdana, Arial, Helvetica, sans-serif; font-size: medium;\">VPN, Remote access and networking<br \/>\n<\/span><\/li>\n<li>IP Phone Systems, VMWare and XenServer Virtualization Technologies<\/li>\n<\/ul>\n<\/td>\n<\/tr>\n<\/tbody>\n<\/table>\n","protected":false},"excerpt":{"rendered":"<p>Education 09\/2011 &#8211; 02\/2016 Aksaray University, Aksaray, Turkey Mechanical Engineer CGPA 3.04 09\/2000 \u00e2\u20ac\u201c 05\/2002 Suffolk University Boston, MA MBA\/Entrepreneurship Fellowship awarded. CGPA 3.5 Visiting student at Babson College \u00e2\u20ac\u201c Fall 2001 09\/1994 \u00e2\u20ac\u201c 05\/1999 Bilkent University Ankara, Turkey Bachelor of Science in Management Elective concentration: Marketing and Finance. CGPA 3.03\/4.00 (Honor List) Work Experience [&hellip;]<\/p>\n","protected":false},"author":1,"featured_media":0,"parent":0,"menu_order":0,"comment_status":"open","ping_status":"open","template":"","meta":{"jetpack_post_was_ever_published":false,"footnotes":""},"class_list":["post-61","page","type-page","status-publish","hentry"],"jetpack_sharing_enabled":true,"jetpack_shortlink":"https:\/\/wp.me\/P9nmfM-Z","jetpack_likes_enabled":true,"jetpack-related-posts":[],"_links":{"self":[{"href":"https:\/\/www.onurbaser.info\/gunluk\/wp-json\/wp\/v2\/pages\/61","targetHints":{"allow":["GET"]}}],"collection":[{"href":"https:\/\/www.onurbaser.info\/gunluk\/wp-json\/wp\/v2\/pages"}],"about":[{"href":"https:\/\/www.onurbaser.info\/gunluk\/wp-json\/wp\/v2\/types\/page"}],"author":[{"embeddable":true,"href":"https:\/\/www.onurbaser.info\/gunluk\/wp-json\/wp\/v2\/users\/1"}],"replies":[{"embeddable":true,"href":"https:\/\/www.onurbaser.info\/gunluk\/wp-json\/wp\/v2\/comments?post=61"}],"version-history":[{"count":4,"href":"https:\/\/www.onurbaser.info\/gunluk\/wp-json\/wp\/v2\/pages\/61\/revisions"}],"predecessor-version":[{"id":800,"href":"https:\/\/www.onurbaser.info\/gunluk\/wp-json\/wp\/v2\/pages\/61\/revisions\/800"}],"wp:attachment":[{"href":"https:\/\/www.onurbaser.info\/gunluk\/wp-json\/wp\/v2\/media?parent=61"}],"curies":[{"name":"wp","href":"https:\/\/api.w.org\/{rel}","templated":true}]}}