{"id":661,"date":"2015-07-03T11:50:15","date_gmt":"2015-07-03T08:50:15","guid":{"rendered":"http:\/\/www.onurbaser.info\/gunluk\/?page_id=661"},"modified":"2021-04-24T10:30:42","modified_gmt":"2021-04-24T07:30:42","slug":"btc-bitcoin","status":"publish","type":"page","link":"https:\/\/www.onurbaser.info\/gunluk\/btc-bitcoin\/","title":{"rendered":"BTC &#8211; BITCOIN &#8211; Paypal"},"content":{"rendered":"<p><strong>bitcoin:1KM3MLSk1NZuvoJ6G9TavCEn33NuwNVqNP<\/strong><\/p>\n<p><img data-recalc-dims=\"1\" loading=\"lazy\" decoding=\"async\" data-attachment-id=\"953\" data-permalink=\"https:\/\/www.onurbaser.info\/gunluk\/btc-bitcoin\/attachment\/indir\/\" data-orig-file=\"https:\/\/i0.wp.com\/www.onurbaser.info\/gunluk\/wp-content\/uploads\/2019\/01\/indir.png?fit=256%2C256&amp;ssl=1\" data-orig-size=\"256,256\" data-comments-opened=\"1\" data-image-meta=\"{&quot;aperture&quot;:&quot;0&quot;,&quot;credit&quot;:&quot;&quot;,&quot;camera&quot;:&quot;&quot;,&quot;caption&quot;:&quot;&quot;,&quot;created_timestamp&quot;:&quot;0&quot;,&quot;copyright&quot;:&quot;&quot;,&quot;focal_length&quot;:&quot;0&quot;,&quot;iso&quot;:&quot;0&quot;,&quot;shutter_speed&quot;:&quot;0&quot;,&quot;title&quot;:&quot;&quot;,&quot;orientation&quot;:&quot;0&quot;}\" data-image-title=\"indir\" data-image-description=\"\" data-image-caption=\"\" data-large-file=\"https:\/\/i0.wp.com\/www.onurbaser.info\/gunluk\/wp-content\/uploads\/2019\/01\/indir.png?fit=256%2C256&amp;ssl=1\" class=\"aligncenter size-full wp-image-953\" src=\"https:\/\/i0.wp.com\/www.onurbaser.info\/gunluk\/wp-content\/uploads\/2019\/01\/indir.png?resize=256%2C256&#038;ssl=1\" alt=\"\" width=\"256\" height=\"256\" srcset=\"https:\/\/i0.wp.com\/www.onurbaser.info\/gunluk\/wp-content\/uploads\/2019\/01\/indir.png?w=256&amp;ssl=1 256w, https:\/\/i0.wp.com\/www.onurbaser.info\/gunluk\/wp-content\/uploads\/2019\/01\/indir.png?resize=150%2C150&amp;ssl=1 150w\" sizes=\"auto, (max-width: 256px) 100vw, 256px\" \/><\/p>\n<p>******************************<\/p>\n<p>Paypal<\/p>\n<p><a href=\"https:\/\/www.paypal.me\/OnurBaser\" target=\"_blank\" rel=\"noopener\">https:\/\/www.paypal.me\/OnurBaser<\/a><\/p>\n<p>*********************************<\/p>\n<p>ETHERIUM<\/p>\n<p>0xa022ff9c4cd063dd67338e6350ebf02b4320bd30<\/p>\n<p><img data-recalc-dims=\"1\" loading=\"lazy\" decoding=\"async\" data-attachment-id=\"1094\" data-permalink=\"https:\/\/www.onurbaser.info\/gunluk\/btc-bitcoin\/attachment\/etheium-cuzdanim-halka-acik\/\" data-orig-file=\"https:\/\/i0.wp.com\/www.onurbaser.info\/gunluk\/wp-content\/uploads\/2021\/04\/etheium-cuzdanim-halka-acik.jpg?fit=310%2C352&amp;ssl=1\" data-orig-size=\"310,352\" data-comments-opened=\"1\" data-image-meta=\"{&quot;aperture&quot;:&quot;0&quot;,&quot;credit&quot;:&quot;&quot;,&quot;camera&quot;:&quot;&quot;,&quot;caption&quot;:&quot;&quot;,&quot;created_timestamp&quot;:&quot;0&quot;,&quot;copyright&quot;:&quot;&quot;,&quot;focal_length&quot;:&quot;0&quot;,&quot;iso&quot;:&quot;0&quot;,&quot;shutter_speed&quot;:&quot;0&quot;,&quot;title&quot;:&quot;&quot;,&quot;orientation&quot;:&quot;0&quot;}\" data-image-title=\"etheium c\u00fczdan\u0131m halka a\u00e7\u0131k\" data-image-description=\"\" data-image-caption=\"\" data-large-file=\"https:\/\/i0.wp.com\/www.onurbaser.info\/gunluk\/wp-content\/uploads\/2021\/04\/etheium-cuzdanim-halka-acik.jpg?fit=310%2C352&amp;ssl=1\" class=\"aligncenter size-medium wp-image-1094\" src=\"https:\/\/i0.wp.com\/www.onurbaser.info\/gunluk\/wp-content\/uploads\/2021\/04\/etheium-cuzdanim-halka-acik.jpg?resize=264%2C300&#038;ssl=1\" alt=\"\" width=\"264\" height=\"300\" srcset=\"https:\/\/i0.wp.com\/www.onurbaser.info\/gunluk\/wp-content\/uploads\/2021\/04\/etheium-cuzdanim-halka-acik.jpg?resize=264%2C300&amp;ssl=1 264w, https:\/\/i0.wp.com\/www.onurbaser.info\/gunluk\/wp-content\/uploads\/2021\/04\/etheium-cuzdanim-halka-acik.jpg?w=310&amp;ssl=1 310w\" sizes=\"auto, (max-width: 264px) 100vw, 264px\" \/><\/p>\n<p><a href=\"https:\/\/freebitco.in\/?r=10857101\" target=\"_blank\" rel=\"noopener\"><img data-recalc-dims=\"1\" loading=\"lazy\" decoding=\"async\" class=\"alignnone size-medium\" src=\"https:\/\/i0.wp.com\/static1.freebitco.in\/banners\/468x60-3.png?resize=468%2C60&#038;ssl=1\" width=\"468\" height=\"60\" \/><\/a><\/p>\n<p>Free BTC<\/p>\n<p><a href=\"https:\/\/freebitco.in\/?r=10857101\" target=\"_blank\" rel=\"noopener\">https:\/\/freebitco.in\/?r=10857101<\/a><\/p>\n","protected":false},"excerpt":{"rendered":"<p>bitcoin:1KM3MLSk1NZuvoJ6G9TavCEn33NuwNVqNP ****************************** Paypal https:\/\/www.paypal.me\/OnurBaser ********************************* ETHERIUM 0xa022ff9c4cd063dd67338e6350ebf02b4320bd30 Free BTC https:\/\/freebitco.in\/?r=10857101<\/p>\n","protected":false},"author":1,"featured_media":0,"parent":0,"menu_order":0,"comment_status":"open","ping_status":"open","template":"","meta":{"jetpack_post_was_ever_published":false,"footnotes":""},"class_list":["post-661","page","type-page","status-publish","hentry"],"jetpack_sharing_enabled":true,"jetpack_shortlink":"https:\/\/wp.me\/P9nmfM-aF","jetpack_likes_enabled":true,"jetpack-related-posts":[],"_links":{"self":[{"href":"https:\/\/www.onurbaser.info\/gunluk\/wp-json\/wp\/v2\/pages\/661","targetHints":{"allow":["GET"]}}],"collection":[{"href":"https:\/\/www.onurbaser.info\/gunluk\/wp-json\/wp\/v2\/pages"}],"about":[{"href":"https:\/\/www.onurbaser.info\/gunluk\/wp-json\/wp\/v2\/types\/page"}],"author":[{"embeddable":true,"href":"https:\/\/www.onurbaser.info\/gunluk\/wp-json\/wp\/v2\/users\/1"}],"replies":[{"embeddable":true,"href":"https:\/\/www.onurbaser.info\/gunluk\/wp-json\/wp\/v2\/comments?post=661"}],"version-history":[{"count":13,"href":"https:\/\/www.onurbaser.info\/gunluk\/wp-json\/wp\/v2\/pages\/661\/revisions"}],"predecessor-version":[{"id":1095,"href":"https:\/\/www.onurbaser.info\/gunluk\/wp-json\/wp\/v2\/pages\/661\/revisions\/1095"}],"wp:attachment":[{"href":"https:\/\/www.onurbaser.info\/gunluk\/wp-json\/wp\/v2\/media?parent=661"}],"curies":[{"name":"wp","href":"https:\/\/api.w.org\/{rel}","templated":true}]}}