{"id":88,"date":"2006-07-05T17:00:39","date_gmt":"2006-07-05T21:00:39","guid":{"rendered":"http:\/\/www.onurbaser.info\/gunluk\/onerdigim-baglantilar-programlar\/"},"modified":"2017-01-15T14:27:14","modified_gmt":"2017-01-15T11:27:14","slug":"onerdigim-baglantilar-programlar","status":"publish","type":"page","link":"https:\/\/www.onurbaser.info\/gunluk\/onerdigim-baglantilar-programlar\/","title":{"rendered":"\u00d6nerdi\u011fim Ba\u011flant\u0131lar \/ Programlar"},"content":{"rendered":"<p>A\u015fa\u011f\u0131daki programlar\u0131n \u00e7o\u011fu a\u00e7\u0131k kaynak kodlu (Open Source). \u00d6zellikle programlar\u0131n kaynak kodu a\u00e7\u0131k oldu\u011fu i\u00e7in 100% g\u00fcvenle kullanabilirsiniz.<\/p>\n<p>Geleneksel programlar\u0131n neredeyse tamam\u0131 kapal\u0131 kaynak koduna sahip, yani program\u0131 yazanlar d\u0131\u015f\u0131nda program\u0131n tam amac\u0131n\u0131 bilemezsiniz (reverse engineering yapmazsan\u0131z).<\/p>\n<p>Bu programlar\u0131n hepsini kullanmak her ortamda (ki\u015fisel yada ticari) serbest.<\/p>\n<div class=\"entrytext\">\n<ul>\n<li><a href=\"http:\/\/keepass.sourceforge.net\/\" target=\"_new\"> <img data-recalc-dims=\"1\" decoding=\"async\" id=\"image89\" src=\"https:\/\/i0.wp.com\/www.onurbaser.info\/gunluk\/wp-content\/uploads\/2006\/07\/keepass.gif?w=625\" alt=\"keepass.gif\" \/>Keepass<\/a> M\u00fckemmel bir \u015fifre kay\u0131t program\u0131, \u015fifrelerinizi \u015fifreli olarak tek bir veri-dosyas\u0131nda tutuluyor ve T\u00fcrk\u00e7e deste\u011fide var. PocketPC program\u0131da mevcut<a href=\"http:\/\/www.truecrypt.org\/\" target=\"_new\"><br \/>\n<\/a><\/li>\n<li><a href=\"http:\/\/www.spreadfirefox.com\/?q=affiliates&amp;id=13756&amp;t=68\" target=\"_new\">Firefox<\/a> Beta a\u015famas\u0131ndan ba\u015flayarak kullanmaya ba\u015flad\u0131\u011f\u0131m m\u00fckemmel bir web gezgini. Kesinlikle Internet Explorer\u00e2\u20ac\u2122dan daha kullan\u0131\u015fl\u0131 ve g\u00fcvenli. Tavsiye ederim.<\/li>\n<li><a href=\"http:\/\/www.ubuntu.com\/\" target=\"_blank\"><img data-recalc-dims=\"1\" decoding=\"async\" id=\"image92\" src=\"https:\/\/i0.wp.com\/www.onurbaser.info\/gunluk\/wp-content\/uploads\/2006\/07\/ubuntu.png?w=625\" alt=\"ubuntu.png\" \/>Ubuntu Linux<\/a> Kullan\u0131m\u0131 \u00e7ok kolay, y\u00fczlerce program k\u00fct\u00fcphanesi olan ve tamamen \u00fccretsiz \u0130\u015fletim Sistemi.<\/li>\n<\/ul>\n<\/div>\n","protected":false},"excerpt":{"rendered":"<p>A\u015fa\u011f\u0131daki programlar\u0131n \u00e7o\u011fu a\u00e7\u0131k kaynak kodlu (Open Source). \u00d6zellikle programlar\u0131n kaynak kodu a\u00e7\u0131k oldu\u011fu i\u00e7in 100% g\u00fcvenle kullanabilirsiniz. Geleneksel programlar\u0131n neredeyse tamam\u0131 kapal\u0131 kaynak koduna sahip, yani program\u0131 yazanlar d\u0131\u015f\u0131nda program\u0131n tam amac\u0131n\u0131 bilemezsiniz (reverse engineering yapmazsan\u0131z). Bu programlar\u0131n hepsini kullanmak her ortamda (ki\u015fisel yada ticari) serbest. Keepass M\u00fckemmel bir \u015fifre kay\u0131t program\u0131, \u015fifrelerinizi \u015fifreli [&hellip;]<\/p>\n","protected":false},"author":1,"featured_media":0,"parent":0,"menu_order":0,"comment_status":"open","ping_status":"open","template":"","meta":{"jetpack_post_was_ever_published":false,"footnotes":""},"class_list":["post-88","page","type-page","status-publish","hentry"],"jetpack_sharing_enabled":true,"jetpack_shortlink":"https:\/\/wp.me\/P9nmfM-1q","jetpack_likes_enabled":true,"jetpack-related-posts":[],"_links":{"self":[{"href":"https:\/\/www.onurbaser.info\/gunluk\/wp-json\/wp\/v2\/pages\/88","targetHints":{"allow":["GET"]}}],"collection":[{"href":"https:\/\/www.onurbaser.info\/gunluk\/wp-json\/wp\/v2\/pages"}],"about":[{"href":"https:\/\/www.onurbaser.info\/gunluk\/wp-json\/wp\/v2\/types\/page"}],"author":[{"embeddable":true,"href":"https:\/\/www.onurbaser.info\/gunluk\/wp-json\/wp\/v2\/users\/1"}],"replies":[{"embeddable":true,"href":"https:\/\/www.onurbaser.info\/gunluk\/wp-json\/wp\/v2\/comments?post=88"}],"version-history":[{"count":1,"href":"https:\/\/www.onurbaser.info\/gunluk\/wp-json\/wp\/v2\/pages\/88\/revisions"}],"predecessor-version":[{"id":777,"href":"https:\/\/www.onurbaser.info\/gunluk\/wp-json\/wp\/v2\/pages\/88\/revisions\/777"}],"wp:attachment":[{"href":"https:\/\/www.onurbaser.info\/gunluk\/wp-json\/wp\/v2\/media?parent=88"}],"curies":[{"name":"wp","href":"https:\/\/api.w.org\/{rel}","templated":true}]}}